{"id":18,"date":"2019-05-17T10:04:33","date_gmt":"2019-05-17T10:04:33","guid":{"rendered":"https:\/\/hra.projekti.ifzg.hr\/?page_id=18"},"modified":"2021-09-27T21:15:33","modified_gmt":"2021-09-27T21:15:33","slug":"suradnici","status":"publish","type":"page","link":"https:\/\/hra.projekti.ifzg.hr\/?page_id=18","title":{"rendered":"Suradnici"},"content":{"rendered":"\n<p><strong>voditelj<\/strong>: <\/p>\n\n\n\n<p><a rel=\"noreferrer noopener\" aria-label=\"dr. sc. Pavel Gregori\u0107 (Institut za filozofiju) (opens in a new tab)\" href=\"http:\/\/www.pavel-gregoric.info\" target=\"_blank\">dr. sc. Pavel Gregori\u0107 (Institut za filozofiju)<\/a>    [<a rel=\"noreferrer noopener\" aria-label=\"academia (opens in a new tab)\" href=\"https:\/\/ifzg.academia.edu\/PavelGregoric\" target=\"_blank\">academia.edu<\/a>]<\/p>\n\n\n\n<p><\/p>\n\n\n\n<p><strong>suradnici<\/strong>:<\/p>\n\n\n\n<p><a href=\"https:\/\/www.ifzg.hr\/djelatnici\/skuhala_karasman-zivotopis\/\" target=\"_blank\" rel=\"noreferrer noopener\" aria-label=\"dr. sc. Ivana Skuhala Karasman (Institut za filozofiju) (opens in a new tab)\">dr. sc. Ivana Skuhala Karasman (Institut za filozofiju)<\/a><\/p>\n\n\n\n<p><a rel=\"noreferrer noopener\" aria-label=\"dr. sc. Martino Rossi Monti (Institut za filozofiju) (opens in a new tab)\" href=\"https:\/\/www.ifzg.hr\/djelatnici\/rossi_monti-zivotopis\/\" target=\"_blank\">dr. sc. Martino Rossi Monti (Institut za filozofiju)<\/a>    [<a href=\"https:\/\/ifzg.academia.edu\/MartinoRossiMonti\">academia.edu<\/a>]<\/p>\n\n\n\n<p><a rel=\"noreferrer noopener\" aria-label=\"doc. dr. sc. Gorana Stepani\u0107 (Filozofski fakultet, Sveu\u010dili\u0161te u Puli) (opens in a new tab)\" href=\"https:\/\/ffpu.unipu.hr\/ffpu\/gorana.stepanic\" target=\"_blank\">doc. dr. sc. Gorana Stepani\u0107 (Filozofski fakultet, Sveu\u010dili\u0161te u Puli)<\/a>    [<a rel=\"noreferrer noopener\" aria-label=\"academia (opens in a new tab)\" href=\"https:\/\/unipu.academia.edu\/GoranaStepanic\" target=\"_blank\">academia.edu<\/a>]<\/p>\n\n\n\n<p><a href=\"https:\/\/www.hrstud.unizg.hr\/staff\/\/sime.demo\" target=\"_blank\" rel=\"noreferrer noopener\" aria-label=\"izv. prof. dr. sc. \u0160ime Demo (Fakultet hrvatskih studija, Sveu\u010dili\u0161te u Zagrebu)  (opens in a new tab)\">izv. prof. dr. sc. \u0160ime Demo (Fakultet hrvatskih studija, Sveu\u010dili\u0161te u Zagrebu) <\/a>   [<a rel=\"noreferrer noopener\" aria-label=\"academia (opens in a new tab)\" href=\"https:\/\/unizg.academia.edu\/\u0160imeDemo\" target=\"_blank\">academia.edu<\/a>]<br><\/p>\n\n\n\n<p><a href=\"https:\/\/www.ifzg.hr\/djelatnici\/ivanisevic-zivotopis\/\" target=\"_blank\" rel=\"noreferrer noopener\" aria-label=\"dr. sc. Dora Ivani\u0161evi\u0107 (Institut za filozofiju) (opens in a new tab)\">dr. sc. Dora Ivani\u0161evi\u0107 (Institut za filozofiju)<\/a>    [<a rel=\"noreferrer noopener\" aria-label=\"academia.edu (opens in a new tab)\" href=\"https:\/\/ifzg.academia.edu\/DoraIvanisevic\" target=\"_blank\">academia.edu<\/a>]<\/p>\n\n\n\n<p><strong>savjetnici<\/strong>:<\/p>\n\n\n\n<p><a href=\"http:\/\/www.filosofia.unimi.it\/dipafilo\/index.php\/luca-maria-bianchi\" target=\"_blank\" rel=\"noreferrer noopener\" aria-label=\"prof. dr. sc. Luca Bianchi (Universita di Milano) (opens in a new tab)\">prof. dr. sc. Luca Bianchi (Universita di Milano)<\/a><\/p>\n\n\n\n<p><a href=\"https:\/\/www.ifzg.hr\/arhiva\/umirovljeni_clanovi-girardi-karsulin-bibliografija\/\" target=\"_blank\" rel=\"noreferrer noopener\" aria-label=\"prof. dr. sc. Mihaela Girardi Kar\u0161ulin (Institut za filozofiju) (opens in a new tab)\">prof. dr. sc. Mihaela Girardi Kar\u0161ulin (Institut za filozofiju)<\/a><\/p>\n\n\n\n<p><\/p>\n","protected":false},"excerpt":{"rendered":"<p>voditelj: dr. sc. Pavel Gregori\u0107 (Institut za filozofiju) [academia.edu] suradnici: dr. sc. Ivana Skuhala Karasman (Institut za filozofiju) dr. sc.&hellip;<\/p>\n","protected":false},"author":2,"featured_media":0,"parent":0,"menu_order":0,"comment_status":"closed","ping_status":"closed","template":"","meta":[],"_links":{"self":[{"href":"https:\/\/hra.projekti.ifzg.hr\/index.php?rest_route=\/wp\/v2\/pages\/18"}],"collection":[{"href":"https:\/\/hra.projekti.ifzg.hr\/index.php?rest_route=\/wp\/v2\/pages"}],"about":[{"href":"https:\/\/hra.projekti.ifzg.hr\/index.php?rest_route=\/wp\/v2\/types\/page"}],"author":[{"embeddable":true,"href":"https:\/\/hra.projekti.ifzg.hr\/index.php?rest_route=\/wp\/v2\/users\/2"}],"replies":[{"embeddable":true,"href":"https:\/\/hra.projekti.ifzg.hr\/index.php?rest_route=%2Fwp%2Fv2%2Fcomments&post=18"}],"version-history":[{"count":13,"href":"https:\/\/hra.projekti.ifzg.hr\/index.php?rest_route=\/wp\/v2\/pages\/18\/revisions"}],"predecessor-version":[{"id":321,"href":"https:\/\/hra.projekti.ifzg.hr\/index.php?rest_route=\/wp\/v2\/pages\/18\/revisions\/321"}],"wp:attachment":[{"href":"https:\/\/hra.projekti.ifzg.hr\/index.php?rest_route=%2Fwp%2Fv2%2Fmedia&parent=18"}],"curies":[{"name":"wp","href":"https:\/\/api.w.org\/{rel}","templated":true}]}}