{"id":148,"date":"2019-06-05T13:00:21","date_gmt":"2019-06-05T13:00:21","guid":{"rendered":"https:\/\/hra.projekti.ifzg.hr\/?page_id=148"},"modified":"2019-06-05T13:00:22","modified_gmt":"2019-06-05T13:00:22","slug":"aktivnosti-2-2-2","status":"publish","type":"page","link":"https:\/\/hra.projekti.ifzg.hr\/?page_id=148","title":{"rendered":"Virtualna galerija"},"content":{"rendered":"\n<p>Izlo\u017eba povodom 350. godi\u0161njice smrti Matije Frki\u0107a (1583 \u2013 1669)<\/p>\n\n\n\n<pre class=\"wp-block-preformatted\"><div id=\"envira-gallery-wrap-133\" class=\"envira-gallery-wrap envira-gallery-theme-base envira-lightbox-theme-base\" itemscope itemtype=\"https:\/\/schema.org\/ImageGallery\"><div style=\"opacity: 0.0\"  data-row-height=\"150\" data-gallery-theme=\"normal\" id=\"envira-gallery-133\" class=\"envira-gallery-public envira-gallery-justified-public envira-gallery-0-columns envira-clear enviratope envira-gallery-css-animations\" data-envira-columns=\"0\"><div id=\"envira-gallery-item-142\" class=\"envira-gallery-item enviratope-item envira-gallery-item-1 envira-lazy-load\" style=\"padding-left: 1px; padding-bottom: 1px; padding-right: 1px;\"  itemscope itemtype=\"https:\/\/schema.org\/ImageObject\"><div class=\"envira-gallery-item-inner\"><div class=\"envira-gallery-position-overlay  envira-gallery-top-left\"><\/div><div class=\"envira-gallery-position-overlay  envira-gallery-top-right\"><\/div><div class=\"envira-gallery-position-overlay  envira-gallery-bottom-left\"><\/div><div class=\"envira-gallery-position-overlay  envira-gallery-bottom-right\"><\/div><a href=\"https:\/\/hra.projekti.ifzg.hr\/wp-content\/uploads\/2019\/06\/portret-frkic.png\" class=\"envira-gallery-133 envira-gallery-link\" rel=\"enviragallery133\" title=\"Matija Frki\u0107 (1583 \u2013 1669)\" data-envira-caption=\"Matija Frki\u0107 (1583 \u2013 1669)\" data-envira-retina=\"\" data-thumbnail=\"\"  itemprop=\"contentUrl\"><img id=\"envira-gallery-image-142\" class=\"envira-gallery-image envira-gallery-image-1 envira-normal envira-lazy\" data-envira-index=\"1\" src=\"https:\/\/hra.projekti.ifzg.hr\/wp-content\/uploads\/2019\/06\/portret-frkic-727x1024-640x480.png\" data-envira-src=\"https:\/\/hra.projekti.ifzg.hr\/wp-content\/uploads\/2019\/06\/portret-frkic-727x1024-640x480.png\" data-envira-gallery-id=\"133\" data-envira-item-id=\"142\" data-envira-caption=\"Matija Frki\u0107 (1583 \u2013 1669)\" alt=\"\" title=\"Matija Frki\u0107 (1583 \u2013 1669)\"  itemprop=\"thumbnailUrl\" data-envira-srcset=\"https:\/\/hra.projekti.ifzg.hr\/wp-content\/uploads\/2019\/06\/portret-frkic-727x1024-640x480.png 400w,https:\/\/hra.projekti.ifzg.hr\/wp-content\/uploads\/2019\/06\/portret-frkic-727x1024-640x480.png 2x\" data-envira-width=\"213\" data-envira-height=\"300\" srcset=\"data:image\/gif;base64,R0lGODlhAQABAIAAAP\/\/\/\/\/\/\/yH5BAEKAAEALAAAAAABAAEAAAICTAEAOw==\" data-safe-src=\"data:image\/gif;base64,R0lGODlhAQABAIAAAP\/\/\/\/\/\/\/yH5BAEKAAEALAAAAAABAAEAAAICTAEAOw==\" \/><\/a><\/div><\/div><div id=\"envira-gallery-item-138\" class=\"envira-gallery-item enviratope-item envira-gallery-item-2 envira-lazy-load\" style=\"padding-left: 1px; padding-bottom: 1px; padding-right: 1px;\"  itemscope itemtype=\"https:\/\/schema.org\/ImageObject\"><div class=\"envira-gallery-item-inner\"><div class=\"envira-gallery-position-overlay  envira-gallery-top-left\"><\/div><div class=\"envira-gallery-position-overlay  envira-gallery-top-right\"><\/div><div class=\"envira-gallery-position-overlay  envira-gallery-bottom-left\"><\/div><div class=\"envira-gallery-position-overlay  envira-gallery-bottom-right\"><\/div><a href=\"https:\/\/hra.projekti.ifzg.hr\/wp-content\/uploads\/2019\/06\/matija_frkic.png\" class=\"envira-gallery-133 envira-gallery-link\" rel=\"enviragallery133\" title=\"Matija Frki\u0107\" data-envira-caption=\"Matija Frki\u0107\" data-envira-retina=\"\" data-thumbnail=\"\"  itemprop=\"contentUrl\"><img id=\"envira-gallery-image-138\" class=\"envira-gallery-image envira-gallery-image-2 envira-normal envira-lazy\" data-envira-index=\"2\" src=\"https:\/\/hra.projekti.ifzg.hr\/wp-content\/uploads\/2019\/06\/matija_frkic-727x1024-640x480.png\" data-envira-src=\"https:\/\/hra.projekti.ifzg.hr\/wp-content\/uploads\/2019\/06\/matija_frkic-727x1024-640x480.png\" data-envira-gallery-id=\"133\" data-envira-item-id=\"138\" data-envira-caption=\"Matija Frki\u0107\" alt=\"\" title=\"Matija Frki\u0107\"  itemprop=\"thumbnailUrl\" data-envira-srcset=\"https:\/\/hra.projekti.ifzg.hr\/wp-content\/uploads\/2019\/06\/matija_frkic-727x1024-640x480.png 400w,https:\/\/hra.projekti.ifzg.hr\/wp-content\/uploads\/2019\/06\/matija_frkic-727x1024-640x480.png 2x\" data-envira-width=\"213\" data-envira-height=\"300\" srcset=\"data:image\/gif;base64,R0lGODlhAQABAIAAAP\/\/\/\/\/\/\/yH5BAEKAAEALAAAAAABAAEAAAICTAEAOw==\" data-safe-src=\"data:image\/gif;base64,R0lGODlhAQABAIAAAP\/\/\/\/\/\/\/yH5BAEKAAEALAAAAAABAAEAAAICTAEAOw==\" \/><\/a><\/div><\/div><div id=\"envira-gallery-item-137\" class=\"envira-gallery-item enviratope-item envira-gallery-item-3 envira-lazy-load\" style=\"padding-left: 1px; padding-bottom: 1px; padding-right: 1px;\"  itemscope itemtype=\"https:\/\/schema.org\/ImageObject\"><div class=\"envira-gallery-item-inner\"><div class=\"envira-gallery-position-overlay  envira-gallery-top-left\"><\/div><div class=\"envira-gallery-position-overlay  envira-gallery-top-right\"><\/div><div class=\"envira-gallery-position-overlay  envira-gallery-bottom-left\"><\/div><div class=\"envira-gallery-position-overlay  envira-gallery-bottom-right\"><\/div><a href=\"https:\/\/hra.projekti.ifzg.hr\/wp-content\/uploads\/2019\/06\/krk.gif\" class=\"envira-gallery-133 envira-gallery-link\" rel=\"enviragallery133\" title=\"Otok Krk\" data-envira-caption=\"Otok Krk\" data-envira-retina=\"\" data-thumbnail=\"\"  itemprop=\"contentUrl\"><img id=\"envira-gallery-image-137\" class=\"envira-gallery-image envira-gallery-image-3 envira-normal envira-lazy\" data-envira-index=\"3\" src=\"https:\/\/hra.projekti.ifzg.hr\/wp-content\/uploads\/2019\/06\/krk-727x1024-640x480.gif\" data-envira-src=\"https:\/\/hra.projekti.ifzg.hr\/wp-content\/uploads\/2019\/06\/krk-727x1024-640x480.gif\" data-envira-gallery-id=\"133\" data-envira-item-id=\"137\" data-envira-caption=\"Otok Krk\" alt=\"\" title=\"Otok Krk\"  itemprop=\"thumbnailUrl\" data-envira-srcset=\"https:\/\/hra.projekti.ifzg.hr\/wp-content\/uploads\/2019\/06\/krk-727x1024-640x480.gif 400w,https:\/\/hra.projekti.ifzg.hr\/wp-content\/uploads\/2019\/06\/krk-727x1024-640x480.gif 2x\" data-envira-width=\"213\" data-envira-height=\"300\" srcset=\"data:image\/gif;base64,R0lGODlhAQABAIAAAP\/\/\/\/\/\/\/yH5BAEKAAEALAAAAAABAAEAAAICTAEAOw==\" data-safe-src=\"data:image\/gif;base64,R0lGODlhAQABAIAAAP\/\/\/\/\/\/\/yH5BAEKAAEALAAAAAABAAEAAAICTAEAOw==\" \/><\/a><\/div><\/div><div id=\"envira-gallery-item-139\" class=\"envira-gallery-item enviratope-item envira-gallery-item-4 envira-lazy-load\" style=\"padding-left: 1px; padding-bottom: 1px; padding-right: 1px;\"  itemscope itemtype=\"https:\/\/schema.org\/ImageObject\"><div class=\"envira-gallery-item-inner\"><div class=\"envira-gallery-position-overlay  envira-gallery-top-left\"><\/div><div class=\"envira-gallery-position-overlay  envira-gallery-top-right\"><\/div><div class=\"envira-gallery-position-overlay  envira-gallery-bottom-left\"><\/div><div class=\"envira-gallery-position-overlay  envira-gallery-bottom-right\"><\/div><a href=\"https:\/\/hra.projekti.ifzg.hr\/wp-content\/uploads\/2019\/06\/o_filozofiji_matije_frkica.png\" class=\"envira-gallery-133 envira-gallery-link\" rel=\"enviragallery133\" title=\"O filozofiji Matije Frki\u0107a\" data-envira-caption=\"O filozofiji Matije Frki\u0107a\" data-envira-retina=\"\" data-thumbnail=\"\"  itemprop=\"contentUrl\"><img id=\"envira-gallery-image-139\" class=\"envira-gallery-image envira-gallery-image-4 envira-normal envira-lazy\" data-envira-index=\"4\" src=\"https:\/\/hra.projekti.ifzg.hr\/wp-content\/uploads\/2019\/06\/o_filozofiji_matije_frkica-727x1024-640x480.png\" data-envira-src=\"https:\/\/hra.projekti.ifzg.hr\/wp-content\/uploads\/2019\/06\/o_filozofiji_matije_frkica-727x1024-640x480.png\" data-envira-gallery-id=\"133\" data-envira-item-id=\"139\" data-envira-caption=\"O filozofiji Matije Frki\u0107a\" alt=\"\" title=\"O filozofiji Matije Frki\u0107a\"  itemprop=\"thumbnailUrl\" data-envira-srcset=\"https:\/\/hra.projekti.ifzg.hr\/wp-content\/uploads\/2019\/06\/o_filozofiji_matije_frkica-727x1024-640x480.png 400w,https:\/\/hra.projekti.ifzg.hr\/wp-content\/uploads\/2019\/06\/o_filozofiji_matije_frkica-727x1024-640x480.png 2x\" data-envira-width=\"213\" data-envira-height=\"300\" srcset=\"data:image\/gif;base64,R0lGODlhAQABAIAAAP\/\/\/\/\/\/\/yH5BAEKAAEALAAAAAABAAEAAAICTAEAOw==\" data-safe-src=\"data:image\/gif;base64,R0lGODlhAQABAIAAAP\/\/\/\/\/\/\/yH5BAEKAAEALAAAAAABAAEAAAICTAEAOw==\" \/><\/a><\/div><\/div><div id=\"envira-gallery-item-136\" class=\"envira-gallery-item enviratope-item envira-gallery-item-5 envira-lazy-load\" style=\"padding-left: 1px; padding-bottom: 1px; padding-right: 1px;\"  itemscope itemtype=\"https:\/\/schema.org\/ImageObject\"><div class=\"envira-gallery-item-inner\"><div class=\"envira-gallery-position-overlay  envira-gallery-top-left\"><\/div><div class=\"envira-gallery-position-overlay  envira-gallery-top-right\"><\/div><div class=\"envira-gallery-position-overlay  envira-gallery-bottom-left\"><\/div><div class=\"envira-gallery-position-overlay  envira-gallery-bottom-right\"><\/div><a href=\"https:\/\/hra.projekti.ifzg.hr\/wp-content\/uploads\/2019\/06\/frkic_i_tasso.png\" class=\"envira-gallery-133 envira-gallery-link\" rel=\"enviragallery133\" title=\"Frki\u0107 i Tasso\" data-envira-caption=\"Frki\u0107 i Tasso\" data-envira-retina=\"\" data-thumbnail=\"\"  itemprop=\"contentUrl\"><img id=\"envira-gallery-image-136\" class=\"envira-gallery-image envira-gallery-image-5 envira-normal envira-lazy\" data-envira-index=\"5\" src=\"https:\/\/hra.projekti.ifzg.hr\/wp-content\/uploads\/2019\/06\/frkic_i_tasso-727x1024-640x480.png\" data-envira-src=\"https:\/\/hra.projekti.ifzg.hr\/wp-content\/uploads\/2019\/06\/frkic_i_tasso-727x1024-640x480.png\" data-envira-gallery-id=\"133\" data-envira-item-id=\"136\" data-envira-caption=\"Frki\u0107 i Tasso\" alt=\"\" title=\"Frki\u0107 i Tasso\"  itemprop=\"thumbnailUrl\" data-envira-srcset=\"https:\/\/hra.projekti.ifzg.hr\/wp-content\/uploads\/2019\/06\/frkic_i_tasso-727x1024-640x480.png 400w,https:\/\/hra.projekti.ifzg.hr\/wp-content\/uploads\/2019\/06\/frkic_i_tasso-727x1024-640x480.png 2x\" data-envira-width=\"213\" data-envira-height=\"300\" srcset=\"data:image\/gif;base64,R0lGODlhAQABAIAAAP\/\/\/\/\/\/\/yH5BAEKAAEALAAAAAABAAEAAAICTAEAOw==\" data-safe-src=\"data:image\/gif;base64,R0lGODlhAQABAIAAAP\/\/\/\/\/\/\/yH5BAEKAAEALAAAAAABAAEAAAICTAEAOw==\" \/><\/a><\/div><\/div><div id=\"envira-gallery-item-141\" class=\"envira-gallery-item enviratope-item envira-gallery-item-6 envira-lazy-load\" style=\"padding-left: 1px; padding-bottom: 1px; padding-right: 1px;\"  itemscope itemtype=\"https:\/\/schema.org\/ImageObject\"><div class=\"envira-gallery-item-inner\"><div class=\"envira-gallery-position-overlay  envira-gallery-top-left\"><\/div><div class=\"envira-gallery-position-overlay  envira-gallery-top-right\"><\/div><div class=\"envira-gallery-position-overlay  envira-gallery-bottom-left\"><\/div><div class=\"envira-gallery-position-overlay  envira-gallery-bottom-right\"><\/div><a href=\"https:\/\/hra.projekti.ifzg.hr\/wp-content\/uploads\/2019\/06\/peripateticka_istrazivanja.png\" class=\"envira-gallery-133 envira-gallery-link\" rel=\"enviragallery133\" title=\"Peripateti\u010dka istra\u017eivanja\" data-envira-caption=\"Peripateti\u010dka istra\u017eivanja\" data-envira-retina=\"\" data-thumbnail=\"\"  itemprop=\"contentUrl\"><img id=\"envira-gallery-image-141\" class=\"envira-gallery-image envira-gallery-image-6 envira-normal envira-lazy\" data-envira-index=\"6\" src=\"https:\/\/hra.projekti.ifzg.hr\/wp-content\/uploads\/2019\/06\/peripateticka_istrazivanja-727x1024-640x480.png\" data-envira-src=\"https:\/\/hra.projekti.ifzg.hr\/wp-content\/uploads\/2019\/06\/peripateticka_istrazivanja-727x1024-640x480.png\" data-envira-gallery-id=\"133\" data-envira-item-id=\"141\" data-envira-caption=\"Peripateti\u010dka istra\u017eivanja\" alt=\"\" title=\"Peripateti\u010dka istra\u017eivanja\"  itemprop=\"thumbnailUrl\" data-envira-srcset=\"https:\/\/hra.projekti.ifzg.hr\/wp-content\/uploads\/2019\/06\/peripateticka_istrazivanja-727x1024-640x480.png 400w,https:\/\/hra.projekti.ifzg.hr\/wp-content\/uploads\/2019\/06\/peripateticka_istrazivanja-727x1024-640x480.png 2x\" data-envira-width=\"213\" data-envira-height=\"300\" srcset=\"data:image\/gif;base64,R0lGODlhAQABAIAAAP\/\/\/\/\/\/\/yH5BAEKAAEALAAAAAABAAEAAAICTAEAOw==\" data-safe-src=\"data:image\/gif;base64,R0lGODlhAQABAIAAAP\/\/\/\/\/\/\/yH5BAEKAAEALAAAAAABAAEAAAICTAEAOw==\" \/><\/a><\/div><\/div><div id=\"envira-gallery-item-140\" class=\"envira-gallery-item enviratope-item envira-gallery-item-7 envira-lazy-load\" style=\"padding-left: 1px; padding-bottom: 1px; padding-right: 1px;\"  itemscope itemtype=\"https:\/\/schema.org\/ImageObject\"><div class=\"envira-gallery-item-inner\"><div class=\"envira-gallery-position-overlay  envira-gallery-top-left\"><\/div><div class=\"envira-gallery-position-overlay  envira-gallery-top-right\"><\/div><div class=\"envira-gallery-position-overlay  envira-gallery-bottom-left\"><\/div><div class=\"envira-gallery-position-overlay  envira-gallery-bottom-right\"><\/div><a href=\"https:\/\/hra.projekti.ifzg.hr\/wp-content\/uploads\/2019\/06\/obrana_peripatetickih_istrazivanja.png\" class=\"envira-gallery-133 envira-gallery-link\" rel=\"enviragallery133\" title=\"Obrana peripateti\u010dkih istra\u017eivanja\" data-envira-caption=\"Obrana peripateti\u010dkih istra\u017eivanja\" data-envira-retina=\"\" data-thumbnail=\"\"  itemprop=\"contentUrl\"><img id=\"envira-gallery-image-140\" class=\"envira-gallery-image envira-gallery-image-7 envira-normal envira-lazy\" data-envira-index=\"7\" src=\"https:\/\/hra.projekti.ifzg.hr\/wp-content\/uploads\/2019\/06\/obrana_peripatetickih_istrazivanja-727x1024-640x480.png\" data-envira-src=\"https:\/\/hra.projekti.ifzg.hr\/wp-content\/uploads\/2019\/06\/obrana_peripatetickih_istrazivanja-727x1024-640x480.png\" data-envira-gallery-id=\"133\" data-envira-item-id=\"140\" data-envira-caption=\"Obrana peripateti\u010dkih istra\u017eivanja\" alt=\"\" title=\"Obrana peripateti\u010dkih istra\u017eivanja\"  itemprop=\"thumbnailUrl\" data-envira-srcset=\"https:\/\/hra.projekti.ifzg.hr\/wp-content\/uploads\/2019\/06\/obrana_peripatetickih_istrazivanja-727x1024-640x480.png 400w,https:\/\/hra.projekti.ifzg.hr\/wp-content\/uploads\/2019\/06\/obrana_peripatetickih_istrazivanja-727x1024-640x480.png 2x\" data-envira-width=\"213\" data-envira-height=\"300\" srcset=\"data:image\/gif;base64,R0lGODlhAQABAIAAAP\/\/\/\/\/\/\/yH5BAEKAAEALAAAAAABAAEAAAICTAEAOw==\" data-safe-src=\"data:image\/gif;base64,R0lGODlhAQABAIAAAP\/\/\/\/\/\/\/yH5BAEKAAEALAAAAAABAAEAAAICTAEAOw==\" \/><\/a><\/div><\/div><div id=\"envira-gallery-item-143\" class=\"envira-gallery-item enviratope-item envira-gallery-item-8 envira-lazy-load\" style=\"padding-left: 1px; padding-bottom: 1px; padding-right: 1px;\"  itemscope itemtype=\"https:\/\/schema.org\/ImageObject\"><div class=\"envira-gallery-item-inner\"><div class=\"envira-gallery-position-overlay  envira-gallery-top-left\"><\/div><div class=\"envira-gallery-position-overlay  envira-gallery-top-right\"><\/div><div class=\"envira-gallery-position-overlay  envira-gallery-bottom-left\"><\/div><div class=\"envira-gallery-position-overlay  envira-gallery-bottom-right\"><\/div><a href=\"https:\/\/hra.projekti.ifzg.hr\/wp-content\/uploads\/2019\/06\/vestigationes-naslovnica.png\" class=\"envira-gallery-133 envira-gallery-link\" rel=\"enviragallery133\" title=\"Vestigationes peripateticae\" data-envira-caption=\"Vestigationes peripateticae\" data-envira-retina=\"\" data-thumbnail=\"\"  itemprop=\"contentUrl\"><img id=\"envira-gallery-image-143\" class=\"envira-gallery-image envira-gallery-image-8 envira-normal envira-lazy\" data-envira-index=\"8\" src=\"https:\/\/hra.projekti.ifzg.hr\/wp-content\/uploads\/2019\/06\/vestigationes-naslovnica-727x1024-640x480.png\" data-envira-src=\"https:\/\/hra.projekti.ifzg.hr\/wp-content\/uploads\/2019\/06\/vestigationes-naslovnica-727x1024-640x480.png\" data-envira-gallery-id=\"133\" data-envira-item-id=\"143\" data-envira-caption=\"Vestigationes peripateticae\" alt=\"\" title=\"Vestigationes peripateticae\"  itemprop=\"thumbnailUrl\" data-envira-srcset=\"https:\/\/hra.projekti.ifzg.hr\/wp-content\/uploads\/2019\/06\/vestigationes-naslovnica-727x1024-640x480.png 400w,https:\/\/hra.projekti.ifzg.hr\/wp-content\/uploads\/2019\/06\/vestigationes-naslovnica-727x1024-640x480.png 2x\" data-envira-width=\"213\" data-envira-height=\"300\" srcset=\"data:image\/gif;base64,R0lGODlhAQABAIAAAP\/\/\/\/\/\/\/yH5BAEKAAEALAAAAAABAAEAAAICTAEAOw==\" data-safe-src=\"data:image\/gif;base64,R0lGODlhAQABAIAAAP\/\/\/\/\/\/\/yH5BAEKAAEALAAAAAABAAEAAAICTAEAOw==\" \/><\/a><\/div><\/div><div id=\"envira-gallery-item-134\" class=\"envira-gallery-item enviratope-item envira-gallery-item-9 envira-lazy-load\" style=\"padding-left: 1px; padding-bottom: 1px; padding-right: 1px;\"  itemscope itemtype=\"https:\/\/schema.org\/ImageObject\"><div class=\"envira-gallery-item-inner\"><div class=\"envira-gallery-position-overlay  envira-gallery-top-left\"><\/div><div class=\"envira-gallery-position-overlay  envira-gallery-top-right\"><\/div><div class=\"envira-gallery-position-overlay  envira-gallery-bottom-left\"><\/div><div class=\"envira-gallery-position-overlay  envira-gallery-bottom-right\"><\/div><a href=\"https:\/\/hra.projekti.ifzg.hr\/wp-content\/uploads\/2019\/06\/de_caelesti-naslovnica.png\" class=\"envira-gallery-133 envira-gallery-link\" rel=\"enviragallery133\" title=\"De caelesti substantia\" data-envira-caption=\"De caelesti substantia\" data-envira-retina=\"\" data-thumbnail=\"\"  itemprop=\"contentUrl\"><img id=\"envira-gallery-image-134\" class=\"envira-gallery-image envira-gallery-image-9 envira-normal envira-lazy\" data-envira-index=\"9\" src=\"https:\/\/hra.projekti.ifzg.hr\/wp-content\/uploads\/2019\/06\/de_caelesti-naslovnica-727x1024-640x480.png\" data-envira-src=\"https:\/\/hra.projekti.ifzg.hr\/wp-content\/uploads\/2019\/06\/de_caelesti-naslovnica-727x1024-640x480.png\" data-envira-gallery-id=\"133\" data-envira-item-id=\"134\" data-envira-caption=\"De caelesti substantia\" alt=\"\" title=\"De caelesti substantia\"  itemprop=\"thumbnailUrl\" data-envira-srcset=\"https:\/\/hra.projekti.ifzg.hr\/wp-content\/uploads\/2019\/06\/de_caelesti-naslovnica-727x1024-640x480.png 400w,https:\/\/hra.projekti.ifzg.hr\/wp-content\/uploads\/2019\/06\/de_caelesti-naslovnica-727x1024-640x480.png 2x\" data-envira-width=\"213\" data-envira-height=\"300\" srcset=\"data:image\/gif;base64,R0lGODlhAQABAIAAAP\/\/\/\/\/\/\/yH5BAEKAAEALAAAAAABAAEAAAICTAEAOw==\" data-safe-src=\"data:image\/gif;base64,R0lGODlhAQABAIAAAP\/\/\/\/\/\/\/yH5BAEKAAEALAAAAAABAAEAAAICTAEAOw==\" \/><\/a><\/div><\/div><div id=\"envira-gallery-item-135\" class=\"envira-gallery-item enviratope-item envira-gallery-item-10 envira-lazy-load\" style=\"padding-left: 1px; padding-bottom: 1px; padding-right: 1px;\"  itemscope itemtype=\"https:\/\/schema.org\/ImageObject\"><div class=\"envira-gallery-item-inner\"><div class=\"envira-gallery-position-overlay  envira-gallery-top-left\"><\/div><div class=\"envira-gallery-position-overlay  envira-gallery-top-right\"><\/div><div class=\"envira-gallery-position-overlay  envira-gallery-bottom-left\"><\/div><div class=\"envira-gallery-position-overlay  envira-gallery-bottom-right\"><\/div><a href=\"https:\/\/hra.projekti.ifzg.hr\/wp-content\/uploads\/2019\/06\/epitaf_matiji_frkicu.png\" class=\"envira-gallery-133 envira-gallery-link\" rel=\"enviragallery133\" title=\"Epitaf Matiji Frki\u0107u\" data-envira-caption=\"Epitaf Matiji Frki\u0107u\" data-envira-retina=\"\" data-thumbnail=\"\"  itemprop=\"contentUrl\"><img id=\"envira-gallery-image-135\" class=\"envira-gallery-image envira-gallery-image-10 envira-normal envira-lazy\" data-envira-index=\"10\" src=\"https:\/\/hra.projekti.ifzg.hr\/wp-content\/uploads\/2019\/06\/epitaf_matiji_frkicu-727x1024-640x480.png\" data-envira-src=\"https:\/\/hra.projekti.ifzg.hr\/wp-content\/uploads\/2019\/06\/epitaf_matiji_frkicu-727x1024-640x480.png\" data-envira-gallery-id=\"133\" data-envira-item-id=\"135\" data-envira-caption=\"Epitaf Matiji Frki\u0107u\" alt=\"\" title=\"Epitaf Matiji Frki\u0107u\"  itemprop=\"thumbnailUrl\" data-envira-srcset=\"https:\/\/hra.projekti.ifzg.hr\/wp-content\/uploads\/2019\/06\/epitaf_matiji_frkicu-727x1024-640x480.png 400w,https:\/\/hra.projekti.ifzg.hr\/wp-content\/uploads\/2019\/06\/epitaf_matiji_frkicu-727x1024-640x480.png 2x\" data-envira-width=\"213\" data-envira-height=\"300\" srcset=\"data:image\/gif;base64,R0lGODlhAQABAIAAAP\/\/\/\/\/\/\/yH5BAEKAAEALAAAAAABAAEAAAICTAEAOw==\" data-safe-src=\"data:image\/gif;base64,R0lGODlhAQABAIAAAP\/\/\/\/\/\/\/yH5BAEKAAEALAAAAAABAAEAAAICTAEAOw==\" \/><\/a><\/div><\/div><\/div><\/div><noscript><img src=\"https:\/\/hra.projekti.ifzg.hr\/wp-content\/uploads\/2019\/06\/portret-frkic.png\" alt=\"\" \/><img src=\"https:\/\/hra.projekti.ifzg.hr\/wp-content\/uploads\/2019\/06\/matija_frkic.png\" alt=\"\" \/><img src=\"https:\/\/hra.projekti.ifzg.hr\/wp-content\/uploads\/2019\/06\/krk.gif\" alt=\"\" \/><img src=\"https:\/\/hra.projekti.ifzg.hr\/wp-content\/uploads\/2019\/06\/o_filozofiji_matije_frkica.png\" alt=\"\" \/><img src=\"https:\/\/hra.projekti.ifzg.hr\/wp-content\/uploads\/2019\/06\/frkic_i_tasso.png\" alt=\"\" \/><img src=\"https:\/\/hra.projekti.ifzg.hr\/wp-content\/uploads\/2019\/06\/peripateticka_istrazivanja.png\" alt=\"\" \/><img src=\"https:\/\/hra.projekti.ifzg.hr\/wp-content\/uploads\/2019\/06\/obrana_peripatetickih_istrazivanja.png\" alt=\"\" \/><img src=\"https:\/\/hra.projekti.ifzg.hr\/wp-content\/uploads\/2019\/06\/vestigationes-naslovnica.png\" alt=\"\" \/><img src=\"https:\/\/hra.projekti.ifzg.hr\/wp-content\/uploads\/2019\/06\/de_caelesti-naslovnica.png\" alt=\"\" \/><img src=\"https:\/\/hra.projekti.ifzg.hr\/wp-content\/uploads\/2019\/06\/epitaf_matiji_frkicu.png\" alt=\"\" \/><\/noscript><br><\/pre>\n","protected":false},"excerpt":{"rendered":"<p>Izlo\u017eba povodom 350. godi\u0161njice smrti Matije Frki\u0107a (1583 \u2013 1669)<\/p>\n","protected":false},"author":1,"featured_media":0,"parent":0,"menu_order":0,"comment_status":"closed","ping_status":"closed","template":"","meta":[],"_links":{"self":[{"href":"https:\/\/hra.projekti.ifzg.hr\/index.php?rest_route=\/wp\/v2\/pages\/148"}],"collection":[{"href":"https:\/\/hra.projekti.ifzg.hr\/index.php?rest_route=\/wp\/v2\/pages"}],"about":[{"href":"https:\/\/hra.projekti.ifzg.hr\/index.php?rest_route=\/wp\/v2\/types\/page"}],"author":[{"embeddable":true,"href":"https:\/\/hra.projekti.ifzg.hr\/index.php?rest_route=\/wp\/v2\/users\/1"}],"replies":[{"embeddable":true,"href":"https:\/\/hra.projekti.ifzg.hr\/index.php?rest_route=%2Fwp%2Fv2%2Fcomments&post=148"}],"version-history":[{"count":2,"href":"https:\/\/hra.projekti.ifzg.hr\/index.php?rest_route=\/wp\/v2\/pages\/148\/revisions"}],"predecessor-version":[{"id":150,"href":"https:\/\/hra.projekti.ifzg.hr\/index.php?rest_route=\/wp\/v2\/pages\/148\/revisions\/150"}],"wp:attachment":[{"href":"https:\/\/hra.projekti.ifzg.hr\/index.php?rest_route=%2Fwp%2Fv2%2Fmedia&parent=148"}],"curies":[{"name":"wp","href":"https:\/\/api.w.org\/{rel}","templated":true}]}}